{"id":2,"date":"2013-10-19T20:37:30","date_gmt":"2013-10-19T20:37:30","guid":{"rendered":"http:\/\/musoshindenryu.fi\/sanapaino\/?page_id=2"},"modified":"2014-02-20T20:13:19","modified_gmt":"2014-02-20T18:13:19","slug":"sample-page","status":"publish","type":"page","link":"https:\/\/musoshindenryu.fi\/?page_id=2","title":{"rendered":"Johdanto iaidoon"},"content":{"rendered":"<p><img loading=\"lazy\" class=\"size-medium wp-image-179 alignright\" alt=\"takada1\" src=\"http:\/\/musoshindenryu.fi\/sanapaino\/wp-content\/uploads\/2013\/10\/takada1-300x212.png\" width=\"300\" height=\"212\" srcset=\"https:\/\/musoshindenryu.fi\/sanapaino\/wp-content\/uploads\/2013\/10\/takada1-300x212.png 300w, https:\/\/musoshindenryu.fi\/sanapaino\/wp-content\/uploads\/2013\/10\/takada1.png 590w\" sizes=\"(max-width: 300px) 100vw, 300px\" \/>Useimmat ihmiset eiv\u00e4t tunne iaido-sanaa. Kuten judo, karate ja aikido, on my\u00f6s iaido japanilainen budolaji. Se eroaa oleellisesti n\u00e4ist\u00e4 kolmesta edell\u00e4 mainitusta. Iaido on laji, jonka harjoittelussa k\u00e4ytet\u00e4\u00e4n asetta. Iaidossa harjoitellaan samuraimiekalla eli katanalla yksin, ilman paria. Iaido on itse asiassa taito, jossa opitaan miten miekka vedet\u00e4\u00e4n tupesta.<\/p>\n<p>Iaidon perinteet ja juuret johtavat meid\u00e4t kauas Japanin historiaan. Samuraita nimelt\u00e4 Hayashizaki Jinsuke Minamoto no Shigenobu, on pidetty iaido-tyylisuuntien alkuunpanijana suurimmalle osalle iaidon nykyisin elossa oleville koulukunnille. Hayashizaki kuoli yli 70-vuotiaana Genna-kaudella (1615\u20131624).<\/p>\n<p>Aluksi iaijutsu oli osa kenjutsua. Aikaa my\u00f6ten kehittyi mestareita, jotka keskittyiv\u00e4t pelk\u00e4st\u00e4\u00e4n miekanvetoon tupesta ja sen k\u00e4ytt\u00f6\u00f6n taistelussa. Aika kului ja rauhanomaisen Tokugawa-kauden kuluessa monet mestarit n\u00e4kiv\u00e4t iaidossa erinomaisen tavan kehitt\u00e4\u00e4 harjoittelijoiden henkist\u00e4, \u00e4lyllist\u00e4 ja fyysist\u00e4 puolta. Iaido oli syntynyt.<\/p>\n<p>Japanilainen miekkaharjoitus sis\u00e4lt\u00e4\u00e4 kaksi tapaa, tai Do\u2019ta. Er\u00e4s miekkailun opettaja sanoi kerran, ett\u00e4 iaido on olemassa vain miekka tupessa, kun miekka on vedetty, syntyy kendo. Iaido voidaan katsoa puolustukselliseksi lajiksi, kun taas kendo keskittyy hy\u00f6kk\u00e4ykseen.<\/p>\n<p>K\u00e4yt\u00e4nn\u00f6ss\u00e4 iaidon harjoittelu koostuu harjoitusmuodosta, jota kutsutaan kataksi. Kata tarkoittaa liikesarjaa, jossa harjoitellaan erilaisia taktisia miekkaliikkeit\u00e4. Jokainen kata sis\u00e4lt\u00e4\u00e4 nelj\u00e4 osaa: nukitsuke (miekan veto ly\u00f6ntiin suoraan tupesta), kiritsuke (leikkaava ly\u00f6nti), chiburi (veren ravistus ter\u00e4st\u00e4) ja noto (miekan palautus tuppeen).<\/p>\n<p>Iaissa harjoitellaan ilman vastustajaa. Tekniikat ovat moninaisia ja niit\u00e4 harjoitellaan erilaisista alkuasennoista: kyyryst\u00e4, istuvasta tai seisovasta asennosta sek\u00e4 suoraan k\u00e4velyst\u00e4. Jokaista mahdollista hy\u00f6kk\u00e4yksen suuntaa tutkitaan tarkoin: vasen, oikea, edest\u00e4 ja takaa, pime\u00e4ss\u00e4 ja valossa. Joskus harjoitellaan tilanteita, joissa tilassa on ulkoisia esteit\u00e4, jolloin normaali veto tupesta ei onnistu tai harjoittelijan yll\u00e4 on matalalla roikkuva kohde. On tekniikoita toisista iaikoulukunnista olevia vastaan ja muotoja vastustajan hy\u00f6kk\u00e4yst\u00e4 vastaan, jolloin vastustaja yritt\u00e4\u00e4 est\u00e4\u00e4 iaidokaa vet\u00e4m\u00e4st\u00e4 miekkaa tarttumalla t\u00e4m\u00e4n miekkaan kahvasta tai tupesta, joko edest\u00e4 tai takaa.<\/p>\n<p>Iaidoa ei voida pit\u00e4\u00e4 urheiluna. Sit\u00e4 voitaisiin ehk\u00e4 verrata japanilaiseen jousiammuntaan, kyudoon. Molemmissa oppilas yritt\u00e4\u00e4 iske\u00e4 tai ampua, ei vastustajaa, vaan jotakin itsest\u00e4. On siis olemassa ennalta m\u00e4\u00e4r\u00e4tty katan muoto, jota tutkitaan loputtomasti. T\u00e4t\u00e4 muotoa hiotaan ja hiotaan kunnes p\u00e4\u00e4st\u00e4\u00e4n kauniiseen ja harmoniseen kokonaisuuteen. Todellinen iaido-mestari on harmoniassa miekkansa kanssa \u2013 miekka on osa miekkamiest\u00e4.<\/p>\n<p>Harjoittelussa k\u00e4ytet\u00e4\u00e4n aitoa japanilaista miekkaa (katana), harjoitusmiekkaa (iaito\/mogito) tai puumiekkaa (bokken). Miekkaa k\u00e4sitell\u00e4\u00e4n kunnioituksella, hyvi\u00e4 tapoja noudattaen. Harjoituksen alussa ja lopussa oppilas kumartaa aseelleen, h\u00e4n ei astele toisten miekkojen yli tai kosketa niit\u00e4 ilman omistajan lupaa.<\/p>\n<p>Iaido ei itse asiassa tarkoita vastustajan voittamista, vaan itsens\u00e4 voittamista. Ainoa ja hankalin vastustaja on iaidoka itse. Voitto iaidossa tarkoittaa anteeksiantavaa syd\u00e4nt\u00e4 ja taistelun v\u00e4ltt\u00e4mist\u00e4. Iaido tarkoittaa harjoittelua kohti inhimillist\u00e4 t\u00e4ydellisyytt\u00e4. Siin\u00e4 ei ole murhanhimoista tarkoitusta tappaa toista ihmist\u00e4. Loputtomalla harjoittelulla iaidoka oppii ymm\u00e4rt\u00e4m\u00e4\u00e4n paikkansa maailmankaikkeudessa.<\/p>\n","protected":false},"excerpt":{"rendered":"<p>Useimmat ihmiset eiv\u00e4t tunne iaido-sanaa. Kuten judo, karate ja aikido, on my\u00f6s iaido japanilainen budolaji. Se eroaa oleellisesti n\u00e4ist\u00e4 kolmesta edell\u00e4 mainitusta. Iaido on laji, jonka harjoittelussa k\u00e4ytet\u00e4\u00e4n asetta. Iaidossa harjoitellaan samuraimiekalla eli katanalla yksin, ilman paria. Iaido on itse asiassa taito, jossa opitaan miten miekka vedet\u00e4\u00e4n tupesta. Iaidon perinteet ja juuret johtavat meid\u00e4t kauas [&hellip;]<\/p>\n","protected":false},"author":1,"featured_media":0,"parent":0,"menu_order":0,"comment_status":"open","ping_status":"open","template":"","meta":[],"_links":{"self":[{"href":"https:\/\/musoshindenryu.fi\/index.php?rest_route=\/wp\/v2\/pages\/2"}],"collection":[{"href":"https:\/\/musoshindenryu.fi\/index.php?rest_route=\/wp\/v2\/pages"}],"about":[{"href":"https:\/\/musoshindenryu.fi\/index.php?rest_route=\/wp\/v2\/types\/page"}],"author":[{"embeddable":true,"href":"https:\/\/musoshindenryu.fi\/index.php?rest_route=\/wp\/v2\/users\/1"}],"replies":[{"embeddable":true,"href":"https:\/\/musoshindenryu.fi\/index.php?rest_route=%2Fwp%2Fv2%2Fcomments&post=2"}],"version-history":[{"count":7,"href":"https:\/\/musoshindenryu.fi\/index.php?rest_route=\/wp\/v2\/pages\/2\/revisions"}],"predecessor-version":[{"id":5,"href":"https:\/\/musoshindenryu.fi\/index.php?rest_route=\/wp\/v2\/pages\/2\/revisions\/5"}],"wp:attachment":[{"href":"https:\/\/musoshindenryu.fi\/index.php?rest_route=%2Fwp%2Fv2%2Fmedia&parent=2"}],"curies":[{"name":"wp","href":"https:\/\/api.w.org\/{rel}","templated":true}]}}