{"id":24,"date":"2014-01-04T21:27:25","date_gmt":"2014-01-04T21:27:25","guid":{"rendered":"http:\/\/musoshindenryu.fi\/sanapaino\/?page_id=24"},"modified":"2025-12-10T15:18:32","modified_gmt":"2025-12-10T13:18:32","slug":"seurat","status":"publish","type":"page","link":"https:\/\/musoshindenryu.fi\/?page_id=24","title":{"rendered":"Suomen Mus\u014d Shinden Ry\u016b Yhdistyksen j\u00e4senseurat"},"content":{"rendered":"<h3 align=\"left\">Hokutokai ry<\/h3>\n<p>Dojon osoite: Alasintie 3, 90400 Oulu.<br \/>\nURL: <a href=\"http:\/\/www.hokutokai.fi\/lajit\/iaido\/\">Hokutokai WWW<\/a><br \/>\nPostiosoite: Hokutokai ry, Sivakkatie 5, 90230 Oulu<br \/>\nOhjaaja: Ilpo Konttinen, 3. dan iaid\u00f4<br \/>\nKoulukunta: Mus\u00f4 Shinden ry\u00fb iaid\u00f4<br \/>\nYhteys Japaniin: Nippon Iaid\u00f4 Ky\u00f4kai (NIK)<br \/>\nMuut lajit: Aikido (Aikikai), Shind\u00f4 Mus\u00f4 Ry\u00fb J\u00f4d\u00f4<br \/>\nYhteyshenkil\u00f6: Ilpo Konttinen<br \/>\nS\u00e4hk\u00f6posti: konttinenilpo [at] gmail.com<\/p>\n<h3 align=\"left\"><strong> Hikari ry <\/strong><\/h3>\n<p align=\"left\">Dojon osoite: Helsinki<br \/>\nURL: <a href=\"http:\/\/www.hikari.fi\/iaido\/\">Hikari WWW<\/a><br \/>\nFacebook: <a href=\"https:\/\/www.facebook.com\/groups\/iaidohikari\/\">Hikari FB<\/a><br \/>\nOhjaajat: Leif Gr\u00f6nberg Renshi 7. dan iaid\u00f4; Vesa Tuukkanen Renshi 7.dan iaid\u00f4; Joonas Tuominen, 6. dan iaid\u00f4<br \/>\nKoulukunta: Mus\u00f4 Shinden ry\u00fb iaid\u00f4<br \/>\nYhteys Japaniin: Nippon Iaid\u00f4 Ky\u00f4kai (NIK)<br \/>\nMuut lajit: Mugai ry\u00fb iaid\u00f4; Heki ry\u00fb ky\u00fbd\u00f4, Niten Ichi Ryu kenjutsu, Shind\u00f4 Mus\u00f4 Ry\u00fb J\u00f4d\u00f4<br \/>\nYhteyshenkil\u00f6: Joonas Tuominen<br \/>\nS\u00e4hk\u00f6posti: iaid\u00f4 [at] hikari.fi<\/p>\n<h3 align=\"left\">Ichiwakai ry<\/h3>\n<p>Dojon osoite: Lappeenranta<br \/>\nFacebook: <a href=\"https:\/\/www.facebook.com\/Ichiwakairy\">Ichiwakai FB<\/a><br \/>\nOhjaaja: Markus Jalkanen<br \/>\nKoulukunta: Mus\u00f4 Shinden ry\u00fb iaid\u00f4<br \/>\nYhteys Japaniin: Nippon Iaid\u00f4 Ky\u00f4kai (NIK)<br \/>\nMuut lajit: Mugai ry\u00fb iaid\u00f4<br \/>\nYhteyshenkil\u00f6: Markus Jalkanen<br \/>\nS\u00e4hk\u00f6posti: markus.jalkanen [at] gmail.com<\/p>\n<h3>Jigotai ry<\/h3>\n<p>Dojon osoite: Kuokkalan Graniitti, Karatesali, Pohjanlahdentie 12, 40520 Jyv\u00e4skyl\u00e4<br \/>\nURL: <a href=\"http:\/\/www.jigotai.fi\/iaido\/\">Jigotai WWW<\/a><br \/>\nFacebook: <a href=\"https:\/\/www.facebook.com\/groups\/iaidojigotai\/\">Jigotai FB<\/a><br \/>\nOhjaaja: Ville Pokela, 5. dan iaid\u00f4<br \/>\nKoulukunta: Mus\u00f4 Shinden ry\u00fb iaid\u00f4<br \/>\nYhteys Japaniin: Nippon Iaid\u00f4 Ky\u00f4kai (NIK)<br \/>\nMuut lajit: aikido (Aikikai), judo, karate (Shorinji ryu), kickboxing, taido, taiji and Hokutoryu jujutsu<br \/>\nYhteyshenkil\u00f6: Ville Pokela<br \/>\nS\u00e4hk\u00f6posti: vpokela (at] gmail.com<\/p>\n<h3>Liedon Budo<\/h3>\n<p>Dojon osoite: Lieto<br \/>\nFacebook: <a href=\"https:\/\/www.facebook.com\/liedonbudo\/\"> Liedon Budo FB<\/a><br \/>\nOhjaaja: Mika Kallioniemi, 6. dan iaid\u00f4<br \/>\nKoulukunta: Mus\u00f4 Shinden ry\u00fb iaid\u00f4<br \/>\nYhteys Japaniin: Nippon Iaid\u00f4 Ky\u00f4kai (NIK)<br \/>\nYhteyshenkil\u00f6: Mika Kallioniemi<br \/>\nS\u00e4hk\u00f6posti: mika.kallioniemi [at] kolumbus.fi<\/p>\n<h3>Tampereen iaidoseura ry<\/h3>\n<p>URL: <a href=\"http:\/\/www.tampereeniaidoseura.fi\">Tampereen Iaidoseura WWW<\/a><br \/>\nOhjaaja: Tero Laiho, 6. dan iaid\u00f4<br \/>\nKoulukunta: Mus\u00f4 Shinden ry\u00fb iaid\u00f4<br \/>\nYhteys Japaniin: Nippon Iaid\u00f4 Ky\u00f4kai (NIK)<br \/>\nMuut lajit: Shind\u00f4 Mus\u00f4 Ry\u00fb J\u00f4d\u00f4<br \/>\nYhteyshenkil\u00f6: Tero Laiho<br \/>\nFacebook: <a href=\"https:\/\/www.facebook.com\/p\/Tampereen-Iaidoseura-100092461988789\/\">https:\/\/www.facebook.com\/p\/Tampereen-Iaidoseura-100092461988789\/<\/a><br \/>\nS\u00e4hk\u00f6posti: tampereeniaidoseura [at] gmail.com<\/p>\n<h3>Turku Aikikai ry<\/h3>\n<p>Dojon osoite: Shaolin, Linnankatu 61 , FIN-20100 Turku<br \/>\nURL: <a href=\"https:\/\/www.turkuaikikai.fi\/iaido\/\">Turkuaikikai WWW<\/a><br \/>\nFacebook: <a href=\"https:\/\/www.facebook.com\/TurkuAikikai\/\">Turku Aikikai FB<\/a><br \/>\nOhjaajat: Jari Nevalainen, kyoshi 8. dan iaid\u00f4; Juho Koivisto, 6. dan iaid\u00f4<br \/>\nKoulukunta: Mus\u00f4 Shinden ry\u00fb iaid\u00f4<br \/>\nYhteys Japaniin: Nippon Iaid\u00f4 Ky\u00f4kai (NIK)<br \/>\nMuut lajit: aikido (Aikikai), Tenshin Shoden Katori Shint\u00f4 ry\u00fb bujutsu<br \/>\nYhteyshenkil\u00f6: Juho Koivisto<br \/>\nS\u00e4hk\u00f6posti: iaido [at] turkuaikikai.fi<\/p>\n","protected":false},"excerpt":{"rendered":"<p>Hokutokai ry Dojon osoite: Alasintie 3, 90400 Oulu. URL: Hokutokai WWW Postiosoite: Hokutokai ry, Sivakkatie 5, 90230 Oulu Ohjaaja: Ilpo Konttinen, 3. dan iaid\u00f4 Koulukunta: Mus\u00f4 Shinden ry\u00fb iaid\u00f4 Yhteys Japaniin: Nippon Iaid\u00f4 Ky\u00f4kai (NIK) Muut lajit: Aikido (Aikikai), Shind\u00f4 Mus\u00f4 Ry\u00fb J\u00f4d\u00f4 Yhteyshenkil\u00f6: Ilpo Konttinen S\u00e4hk\u00f6posti: konttinenilpo [at] gmail.com Hikari ry Dojon osoite: Helsinki [&hellip;]<\/p>\n","protected":false},"author":1,"featured_media":0,"parent":0,"menu_order":1,"comment_status":"closed","ping_status":"open","template":"","meta":[],"_links":{"self":[{"href":"https:\/\/musoshindenryu.fi\/index.php?rest_route=\/wp\/v2\/pages\/24"}],"collection":[{"href":"https:\/\/musoshindenryu.fi\/index.php?rest_route=\/wp\/v2\/pages"}],"about":[{"href":"https:\/\/musoshindenryu.fi\/index.php?rest_route=\/wp\/v2\/types\/page"}],"author":[{"embeddable":true,"href":"https:\/\/musoshindenryu.fi\/index.php?rest_route=\/wp\/v2\/users\/1"}],"replies":[{"embeddable":true,"href":"https:\/\/musoshindenryu.fi\/index.php?rest_route=%2Fwp%2Fv2%2Fcomments&post=24"}],"version-history":[{"count":43,"href":"https:\/\/musoshindenryu.fi\/index.php?rest_route=\/wp\/v2\/pages\/24\/revisions"}],"predecessor-version":[{"id":686,"href":"https:\/\/musoshindenryu.fi\/index.php?rest_route=\/wp\/v2\/pages\/24\/revisions\/686"}],"wp:attachment":[{"href":"https:\/\/musoshindenryu.fi\/index.php?rest_route=%2Fwp%2Fv2%2Fmedia&parent=24"}],"curies":[{"name":"wp","href":"https:\/\/api.w.org\/{rel}","templated":true}]}}