{"id":26,"date":"2014-01-04T21:28:44","date_gmt":"2014-01-04T21:28:44","guid":{"rendered":"http:\/\/musoshindenryu.fi\/sanapaino\/?page_id=26"},"modified":"2014-02-21T11:26:20","modified_gmt":"2014-02-21T09:26:20","slug":"historia","status":"publish","type":"page","link":"https:\/\/musoshindenryu.fi\/?page_id=26","title":{"rendered":"Mus\u014d Shinden Ry\u016b Iai Hy\u014dh\u014d"},"content":{"rendered":"<p><a href=\"http:\/\/musoshindenryu.fi\/sanapaino\/wp-content\/uploads\/2014\/01\/tunk.png\"><img loading=\"lazy\" class=\"alignright size-medium wp-image-196\" alt=\"tunk\" src=\"http:\/\/musoshindenryu.fi\/sanapaino\/wp-content\/uploads\/2014\/01\/tunk-300x224.png\" width=\"300\" height=\"224\" srcset=\"https:\/\/musoshindenryu.fi\/sanapaino\/wp-content\/uploads\/2014\/01\/tunk-300x224.png 300w, https:\/\/musoshindenryu.fi\/sanapaino\/wp-content\/uploads\/2014\/01\/tunk.png 607w\" sizes=\"(max-width: 300px) 100vw, 300px\" \/><\/a>Mus\u014d Shinden Ry\u016b -tyylin iaid\u014d on yksi suurimmista iaidosuuntauksista sek\u00e4 Japanissa ett\u00e4 maailmalla. Se pohjautuu Japanin it\u00e4osissa 1500-1600 taitteessa el\u00e4neen Hayashizaki Jinsuke Minamoto no Shigenobu -nimisen samurain kehitt\u00e4m\u00e4\u00e4n miekanvetotaitoon eli iaijutsuun.<\/p>\n<p>Lukuisat miekanvetokoulukunnat pit\u00e4v\u00e4t Hayashizakia kantais\u00e4n\u00e4\u00e4n. H\u00e4nen koulukuntansa nimi oli alun perin Shinmei Mus\u014d Ry\u016b, ja taidosta k\u00e4ytettiin tuolloin nimityst\u00e4 batt\u014djutsu. Opettajansa kuoltua h\u00e4nen oppilaansa nimesiv\u00e4t tyylin Shin Mus\u014d Hayashizaki Ry\u016b&#8217;ksi.<\/p>\n<p>Koulukunnan seitsem\u00e4s p\u00e4\u00e4mies, Hasegawa Chikara-no-suke Eishin lis\u00e4si koulukunnan ohjelmaan harjoituksia, joissa tekniikat alkavat tatehizasta (&#8220;puolipolviasento&#8221;), ja h\u00e4nen kerrotaan muutenkin uudistaneen tyylisuuntaa. Tyylisuunnan nimikin vaihtui Hasegawa Eishin Ry\u016b&#8217;ksi.<\/p>\n<p>Tyyli kotiutui lopullisesti Tosan (nyk. K\u014dchi) maakuntaan, kun Hayashi Rokudayu Morimasa&#8217;sta (1661-1732) tuli yhdeks\u00e4s p\u00e4\u00e4mies ja Eishin ry\u016bsta tuli osa maakunnan virallista harjoittelua Tosan samuraille. Tyyli tuli tunnetuksi nimell\u00e4 Tosa Eishin Ry\u016b.<\/p>\n<p>Nykyisen muodon Mus\u014d Shinden Ry\u016b&#8217;lle antoi mestarimiekkailija Nakayama Hakud\u014d. H\u00e4n oli yksi merkitt\u00e4vimmist\u00e4 henkil\u00f6ist\u00e4 japanilaisen bud\u014dn maailmassa 1900-luvun alkupuoliskolla. H\u00e4nell\u00e4 oli hanshin (korkein opettajan arvo) arvot kend\u014dssa, iaid\u014dssa ja j\u014dd\u014dssa.<\/p>\n<p>Nakayama Hiromichi Hakud\u014d syntyi v. 1872 Ishikawan maakunnassa Kanazawan kaupungissa. Vuonna 1889 h\u00e4n tuli Tokioon ja aloitti Shind\u014d Munen Ry\u016bn harjoittelun Negishi Shingor\u014dn Y\u016bshinkan d\u014dj\u014dlla. H\u00e4n oli siis alun perin Shind\u014d Munen Ry\u016b -kenjutsun mestari, mutta ymm\u00e4rt\u00e4\u00e4kseen japanilaisen miekan todellisen luonteen h\u00e4n halusi oppia my\u00f6s kuuluisan Tosan Iai&#8217;n.<\/p>\n<p>Sitkeiden yritysten j\u00e4lkeen h\u00e4n onnistui p\u00e4\u00e4sem\u00e4\u00e4n lopulta useammankin Tosan alueen iai-mestarin oppilaaksi, vaikka Tosan opettajat eiv\u00e4t aluksi halunneetkaan opettaa taitoaan ulkopuoliselle. Iai&#8217;ta harjoitteli tuohon aikaan hyvin harva henkil\u00f6, ja opetus oli l\u00e4hinn\u00e4 pienten ryhmien yll\u00e4pit\u00e4m\u00e4\u00e4 henkil\u00f6kohtaista opetusta. Hakud\u014d tutustutti my\u00f6s asiasta kiinnostuneita kend\u014d-oppilaitaan iaid\u014dn salaisuuksiin. Hakud\u014dn vaikutuksesta iai-harjoittelu tuli v\u00e4hitellen yh\u00e4 suositummaksi, ja sit\u00e4 alettiin opettaa laajemmaltikin. Hakud\u014d k\u00e4ytti opettamastaan iai&#8217;sta mm. nimityst\u00e4 Hayashizaki Mus\u014d Shinden Ry\u016b, Mus\u014d Shinden Ry\u016b batt\u014djutsu tai yksinkertaisesti opetettavasta sarjasta riippuen \u014cmori Ry\u016b ja Hasegawa Eishin Ry\u016b. H\u00e4n otti my\u00f6s k\u00e4ytt\u00f6\u00f6n iaid\u014d-termin, jolla h\u00e4n viittasi harjoittelun henkiseen painotukseen.<\/p>\n<p>Hakud\u014dn kuoleman j\u00e4lkeen (1958) h\u00e4nen oppilaansa nimesiv\u00e4t koulun Mus\u014d Shinden Ry\u016b&#8217;ksi.<\/p>\n<h3>Mus\u014d Shinden Ry\u016b Suomessa<\/h3>\n<p>1970-luvun alussa aikid\u014dn Suomeen tuonut Toshikazu Ichimura -sensei oli my\u00f6s iaid\u014dn 6. dan ja renshi-arvoinen opettaja. Aikid\u014dn ohella h\u00e4n opetti seminaareillaan oheislajina my\u00f6s iaid\u014da. Alkuun iaid\u014d oli pitk\u00e4lti aikid\u014dseuroissa joidenkin harrastajien yll\u00e4pit\u00e4m\u00e4\u00e4 toimintaa, mutta vuonna 1986 saimme ensimm\u00e4isen kosketuksen todelliseen iaid\u014dmestariin, Takada Gakud\u014don. H\u00e4n k\u00e4vi t\u00e4ll\u00f6in pit\u00e4m\u00e4ss\u00e4 ensimm\u00e4isen Mus\u014d Shinden Ry\u016b iaid\u014d -seminaarin Upsalassa. T\u00e4lle leirille osallistui useita suomalaisia, ja siell\u00e4 j\u00e4rjestetyss\u00e4 vy\u00f6kokeessa nelj\u00e4 heist\u00e4 suoritti dan-arvon,. N\u00e4m\u00e4 nelj\u00e4 olivat Jukka Helminen, Arto Lauerma, Petteri Silenus ja Pasi Hellst\u00e9n.<\/p>\n<p>Kun Ichimura-sensei palasi takaisin Japaniin, j\u00e4i iaid\u014dn ohjaus ruotsalaisen Martin Stelanderin harteille. H\u00e4n oli aloittanut iaid\u014dn Ichimura-sensein alaisuudessa, ja v. 1985 Japaniin aikid\u014dn p\u00e4\u00e4majaan tekem\u00e4ll\u00e4\u00e4n harjoittelumatkalla h\u00e4n opiskeli my\u00f6s iaid\u014da Takada-sensein salilla. Stelander k\u00e4vi Suomessa muutaman kerran vuodessa ohjaamassa leirej\u00e4, ja Takada-sensei k\u00e4vi ensimm\u00e4isen kerran Helsingiss\u00e4 ohjaamassa seminaarin v. 1988. T\u00e4ll\u00e4 leirill\u00e4 tuli my\u00f6s uusia suomalaisia daneja: mm. Leena M\u00e4kinen ja Yuji Matsuoi.<\/p>\n<p>T\u00e4m\u00e4n j\u00e4lkeen Takada-sensei k\u00e4vi Suomessa ohjaamassa viikon &#8211; kahden mittaisia seminaareja joka toinen vuosi ja my\u00f6hemmin vuosittain. N\u00e4ihin matkoihin on usein liittynyt my\u00f6s seminaari Upsalassa, Ruotsissa, jonne ahkerimmat harjoittelijamme ovat Suomen seminaarin lis\u00e4ksi my\u00f6s suunnistaneet.<\/p>\n<p>Takada-sensei nimesi Suomen Mus\u014d Shinden Ry\u016bn opetuksesta vastuuseen kolme henkil\u00f6\u00e4: Jukka Helminen, Arto Lauerma ja Pasi Hellst\u00e9n.<\/p>\n<p>Vuonna 1986 perustettiin Suomen Iaidoliitto ry hoitamaan iaid\u014dtoimintaa maassamme. My\u00f6hemmin liittoon perustettiin alayhdistykset Mus\u014d Shinden Ry\u016b&#8217;lle ja Mus\u014d Jikiden Eishin Ry\u016b&#8217;lle.<\/p>\n<p>T\u00e4ll\u00e4 hetkell\u00e4 Suomen Muso Shinden Ryu Yhdistyksen j\u00e4senin\u00e4 on 11 seuraa eri puolilla Suomea. Yhdistys j\u00e4rjest\u00e4\u00e4 vuosittain kaksi &#8211; nelj\u00e4 kotimaisin voimin ohjattua leiri\u00e4 sek\u00e4 yhden Takada-sensein ohjaaman seminaarin. Leireill\u00e4\u00e4n yhdistys j\u00e4rjest\u00e4\u00e4 my\u00f6s &#8220;vy\u00f6-&#8221; eli tasokokeita. Takada-sensein leirien yhteydess\u00e4 suoritetaan dan-kokeet.<\/p>\n<p>\u00a9 Pasi Hellsten<br \/>\nSuomen Muso Shinden Ryu Yhdistys ry.<\/p>\n","protected":false},"excerpt":{"rendered":"<p>Mus\u014d Shinden Ry\u016b -tyylin iaid\u014d on yksi suurimmista iaidosuuntauksista sek\u00e4 Japanissa ett\u00e4 maailmalla. Se pohjautuu Japanin it\u00e4osissa 1500-1600 taitteessa el\u00e4neen Hayashizaki Jinsuke Minamoto no Shigenobu -nimisen samurain kehitt\u00e4m\u00e4\u00e4n miekanvetotaitoon eli iaijutsuun. Lukuisat miekanvetokoulukunnat pit\u00e4v\u00e4t Hayashizakia kantais\u00e4n\u00e4\u00e4n. H\u00e4nen koulukuntansa nimi oli alun perin Shinmei Mus\u014d Ry\u016b, ja taidosta k\u00e4ytettiin tuolloin nimityst\u00e4 batt\u014djutsu. Opettajansa kuoltua h\u00e4nen oppilaansa [&hellip;]<\/p>\n","protected":false},"author":1,"featured_media":0,"parent":0,"menu_order":0,"comment_status":"open","ping_status":"open","template":"","meta":[],"_links":{"self":[{"href":"https:\/\/musoshindenryu.fi\/index.php?rest_route=\/wp\/v2\/pages\/26"}],"collection":[{"href":"https:\/\/musoshindenryu.fi\/index.php?rest_route=\/wp\/v2\/pages"}],"about":[{"href":"https:\/\/musoshindenryu.fi\/index.php?rest_route=\/wp\/v2\/types\/page"}],"author":[{"embeddable":true,"href":"https:\/\/musoshindenryu.fi\/index.php?rest_route=\/wp\/v2\/users\/1"}],"replies":[{"embeddable":true,"href":"https:\/\/musoshindenryu.fi\/index.php?rest_route=%2Fwp%2Fv2%2Fcomments&post=26"}],"version-history":[{"count":6,"href":"https:\/\/musoshindenryu.fi\/index.php?rest_route=\/wp\/v2\/pages\/26\/revisions"}],"predecessor-version":[{"id":197,"href":"https:\/\/musoshindenryu.fi\/index.php?rest_route=\/wp\/v2\/pages\/26\/revisions\/197"}],"wp:attachment":[{"href":"https:\/\/musoshindenryu.fi\/index.php?rest_route=%2Fwp%2Fv2%2Fmedia&parent=26"}],"curies":[{"name":"wp","href":"https:\/\/api.w.org\/{rel}","templated":true}]}}