{"id":30,"date":"2014-01-04T21:35:33","date_gmt":"2014-01-04T21:35:33","guid":{"rendered":"http:\/\/musoshindenryu.fi\/sanapaino\/?page_id=30"},"modified":"2016-04-06T21:58:19","modified_gmt":"2016-04-06T19:58:19","slug":"takada-sensei","status":"publish","type":"page","link":"https:\/\/musoshindenryu.fi\/?page_id=30","title":{"rendered":"Takada-sensei"},"content":{"rendered":"<p>Japanissa, Yokohamassa asuva Takada Gakud\u014d (Shigeru) Sensei on meid\u00e4n Mus\u014d Shinden Ry\u016b opettajamme. H\u00e4n aloitti kendon harjoittelun vuonna 1951 (Showa 27) ja iaido-uransa kaksi vuotta my\u00f6hemmin ollessaan 15-vuotias.<\/p>\n<p>Takada Sensein iaido-opettaja oli edesmennyt Matsuo Kenpu Sensei (iaido 10. dan), jonka d\u014dj\u014don, &#8220;Dai Nippon Teigoku Shinkenkan Matsuo Dojo&#8221;, Takada Sensei liittyi joulukuun 6. p\u00e4iv\u00e4 1953. Kun h\u00e4n oli saanut menkyo kaiden arvon Mus\u014d Shinden Ry\u016b\u2019ssa, h\u00e4nen opettajansa pani h\u00e4net opiskelemaan my\u00f6s muita budo-\/ bujutsu-lajeja ja muita iai-koulukuntia.<\/p>\n<p>Takada Sensei oli yksi nuorimmista, joka on saanut 8. dan\u2019in Zen Nippon Iaid\u014d Renmei\u2019lt\u00e4. Monista syist\u00e4 johtuen h\u00e4n my\u00f6hemmin siirtyi toiseen j\u00e4rjest\u00f6\u00f6n, Dai Nippon Iaid\u014d Renmei\u2019hin, ja syyskuussa 2001 h\u00e4n oli yksi niist\u00e4 jotka olivat perustamassa uutta j\u00e4rjest\u00f6\u00e4 iaidolla: Nippon Iaid\u014d Ky\u014dkai. Takada Sensei on nykyisin hanshi, 10. dan. Kes\u00e4ll\u00e4 1999 h\u00e4nell\u00e4 oli \u201ckanreki\u201d eli h\u00e4n vietti 60-vuotisp\u00e4ivi\u00e4\u00e4n. H\u00e4n harjoittelee joka aamu p\u00e4ivitt\u00e4in kotonaan ja opettaa iaidoa kaksi &#8211; kolme kertaa viikossa Yokohaman alueella.<\/p>\n<p>Sensei vieraili Pohjoismaissa ensi kertaa vuonna 1986, jolloin h\u00e4n piti ensimm\u00e4isen iaido-seminaarinsa Upsalassa, Ruotsissa. Kaksi vuotta my\u00f6hemmin h\u00e4n tuli my\u00f6s Helsinkiin opettamaan iaidoa. T\u00e4m\u00e4n seminaarin j\u00e4lkeen Sensei on vieraillut molemmissa edell\u00e4 mainituissa kaupungeissa vuorovuosin ja nyky\u00e4\u00e4n kerran tai kaksi per vuosi ja nyky\u00e4\u00e4n h\u00e4n k\u00e4y my\u00f6s Virossa pit\u00e4m\u00e4ss\u00e4 leirej\u00e4. N\u00e4in ollen h\u00e4nen pohjoismaisilla Mus\u014d Shinden ry\u016b oppilaillaan on ollut mahdollisuus osallistua h\u00e4nen ohjaukseensa viikon \u2013 kahden, jopa joskus kolmen viikon mittaisilla leireill\u00e4.<\/p>\n<p>Sensein budo-ura on mittava. T\u00e4ss\u00e4 on joitain lajeista joita h\u00e4n on harjoitellut (sek\u00e4 sulkeissa h\u00e4nen arvonsa ko. lajissa):<\/p>\n<p>Mus\u014d Shinden ry\u016b iaid\u014d (menkyo kaiden)<br \/>\n\u014cno-ha H\u014dki ry\u016b iaijutsu (menkyo kaiden)<br \/>\nMugai ry\u016b iaid\u014d (menkyo kaiden)<br \/>\nH\u014dz\u014din ry\u016b s\u014djutsu (8th dan, ky\u014dshi)<br \/>\nAraki ry\u016b nagamakijutsu (7th dan, ky\u014dshi)<br \/>\nKend\u014d (7th dan, ky\u014dshi)<br \/>\nShind\u014d Mus\u014d ry\u016b j\u014djutsu (7th dan, ky\u014dshi)<br \/>\nJ\u016bkend\u014d (6th dan, ky\u014dshi)<br \/>\nYagy\u016b ry\u016b kusarigamajutsu (6th dan, ky\u014dshi)<br \/>\nYagy\u016b ry\u016b tessenjutsu (6th dan, ky\u014dshi)<br \/>\nTankend\u014d (5th dan)<br \/>\nAraki ry\u016b chikirikijutsu<br \/>\nJ\u016bjutsu of Kito and Y\u014dshin ry\u016b<br \/>\nIaid\u014d of Araki, Eishin and Keishi ry\u016b<br \/>\nKuroda ry\u016b Shurikenjutsu<\/p>\n","protected":false},"excerpt":{"rendered":"<p>Japanissa, Yokohamassa asuva Takada Gakud\u014d (Shigeru) Sensei on meid\u00e4n Mus\u014d Shinden Ry\u016b opettajamme. H\u00e4n aloitti kendon harjoittelun vuonna 1951 (Showa 27) ja iaido-uransa kaksi vuotta my\u00f6hemmin ollessaan 15-vuotias. Takada Sensein iaido-opettaja oli edesmennyt Matsuo Kenpu Sensei (iaido 10. dan), jonka d\u014dj\u014don, &#8220;Dai Nippon Teigoku Shinkenkan Matsuo Dojo&#8221;, Takada Sensei liittyi joulukuun 6. p\u00e4iv\u00e4 1953. Kun [&hellip;]<\/p>\n","protected":false},"author":1,"featured_media":0,"parent":0,"menu_order":0,"comment_status":"open","ping_status":"open","template":"","meta":[],"_links":{"self":[{"href":"https:\/\/musoshindenryu.fi\/index.php?rest_route=\/wp\/v2\/pages\/30"}],"collection":[{"href":"https:\/\/musoshindenryu.fi\/index.php?rest_route=\/wp\/v2\/pages"}],"about":[{"href":"https:\/\/musoshindenryu.fi\/index.php?rest_route=\/wp\/v2\/types\/page"}],"author":[{"embeddable":true,"href":"https:\/\/musoshindenryu.fi\/index.php?rest_route=\/wp\/v2\/users\/1"}],"replies":[{"embeddable":true,"href":"https:\/\/musoshindenryu.fi\/index.php?rest_route=%2Fwp%2Fv2%2Fcomments&post=30"}],"version-history":[{"count":3,"href":"https:\/\/musoshindenryu.fi\/index.php?rest_route=\/wp\/v2\/pages\/30\/revisions"}],"predecessor-version":[{"id":274,"href":"https:\/\/musoshindenryu.fi\/index.php?rest_route=\/wp\/v2\/pages\/30\/revisions\/274"}],"wp:attachment":[{"href":"https:\/\/musoshindenryu.fi\/index.php?rest_route=%2Fwp%2Fv2%2Fmedia&parent=30"}],"curies":[{"name":"wp","href":"https:\/\/api.w.org\/{rel}","templated":true}]}}